{"id":59,"date":"2025-01-05T10:23:59","date_gmt":"2025-01-05T10:23:59","guid":{"rendered":"https:\/\/www.trgovina.zajfica.si\/?post_type=product&#038;p=59"},"modified":"2025-02-07T12:10:27","modified_gmt":"2025-02-07T12:10:27","slug":"sivkino-milo-in-slika","status":"publish","type":"product","link":"https:\/\/www.trgovina.zajfica.si\/?product=sivkino-milo-in-slika","title":{"rendered":"Sivkino milo"},"content":{"rendered":"<p>Sivkino milo je primerno za vse tipe ko\u017ee. Eteri\u010dno olje sivke pomirja, ne\u017eno di\u0161i in zagotavlja izjemno nego. Odkrijte naravno sve\u017eino in ne\u017enost, ki bo razvajala va\u0161o ko\u017eo.<br \/>\nZa pove\u010danje obstojnosti mila priporo\u010damo, da ga po uporabi odstranite iz vode in pustite, da se posu\u0161i na zraku. Na\u0161a mila so ro\u010dno izdelana in rezana, kar pomeni, da je vsak kos edinstven.<\/p>\n<p><em>INCI Sestavine:<\/em><br \/>\n<em>Sodium Palmate, Aqua, Sodium Olivate, Sodium Cocoate, Glycerin, Sodium Sunflowerate, Sodium Stearate, Lavandula Angustifolia Oil, Lavandula Angustifolia Flower, Linalool, Geraniol, Limonene, O-Phenylphenol, Sodium Laureth Sulfate<\/em><\/p>\n","protected":false},"excerpt":{"rendered":"<p>Sivkino milo je primerno za vse tipe ko\u017ee. Eteri\u010dno olje sivke pomirja, ne\u017eno di\u0161i in zagotavlja izjemno nego.<\/p>\n","protected":false},"featured_media":410,"comment_status":"open","ping_status":"closed","template":"","meta":[],"product_brand":[],"product_cat":[18],"product_tag":[],"class_list":{"0":"post-59","1":"product","2":"type-product","3":"status-publish","4":"has-post-thumbnail","6":"product_cat-naravna-mila","8":"first","9":"instock","10":"taxable","11":"shipping-taxable","12":"purchasable","13":"product-type-simple"},"_links":{"self":[{"href":"https:\/\/www.trgovina.zajfica.si\/index.php?rest_route=\/wp\/v2\/product\/59","targetHints":{"allow":["GET"]}}],"collection":[{"href":"https:\/\/www.trgovina.zajfica.si\/index.php?rest_route=\/wp\/v2\/product"}],"about":[{"href":"https:\/\/www.trgovina.zajfica.si\/index.php?rest_route=\/wp\/v2\/types\/product"}],"replies":[{"embeddable":true,"href":"https:\/\/www.trgovina.zajfica.si\/index.php?rest_route=%2Fwp%2Fv2%2Fcomments&post=59"}],"wp:featuredmedia":[{"embeddable":true,"href":"https:\/\/www.trgovina.zajfica.si\/index.php?rest_route=\/wp\/v2\/media\/410"}],"wp:attachment":[{"href":"https:\/\/www.trgovina.zajfica.si\/index.php?rest_route=%2Fwp%2Fv2%2Fmedia&parent=59"}],"wp:term":[{"taxonomy":"product_brand","embeddable":true,"href":"https:\/\/www.trgovina.zajfica.si\/index.php?rest_route=%2Fwp%2Fv2%2Fproduct_brand&post=59"},{"taxonomy":"product_cat","embeddable":true,"href":"https:\/\/www.trgovina.zajfica.si\/index.php?rest_route=%2Fwp%2Fv2%2Fproduct_cat&post=59"},{"taxonomy":"product_tag","embeddable":true,"href":"https:\/\/www.trgovina.zajfica.si\/index.php?rest_route=%2Fwp%2Fv2%2Fproduct_tag&post=59"}],"curies":[{"name":"wp","href":"https:\/\/api.w.org\/{rel}","templated":true}]}}