{"id":582,"date":"2025-02-18T18:37:35","date_gmt":"2025-02-18T18:37:35","guid":{"rendered":"https:\/\/www.trgovina.zajfica.si\/?post_type=product&#038;p=582"},"modified":"2026-01-26T18:55:01","modified_gmt":"2026-01-26T18:55:01","slug":"mala-solna-kopel","status":"publish","type":"product","link":"https:\/\/www.trgovina.zajfica.si\/?product=mala-solna-kopel","title":{"rendered":"Mini solna kopel"},"content":{"rendered":"<p class=\"Standard\">O\u010darajte sebe ali svoje goste z na\u0161o malo solno kopeljo v steklenem lon\u010dku s plutovim zama\u0161kom, di\u0161e\u010do po ro\u017emarinu. Elegantno okra\u0161ena s \u010dudovito satenasto pentljo, ta izjemna kopel zdru\u017euje ne\u017enost in razko\u0161je, ki bosta zagotovo dodala pridih luksuza va\u0161emu posebnemu dogodku. Vsak lon\u010dek je skrbno oblikovan, da gostom pri\u010dara ob\u010dutek sprostitve in ohrani spomin na nepozaben dan, ki smo ga ustvarili skupaj.<br \/>\n.<br \/>\n<em><strong>INCI Sestavine: <\/strong><\/em><\/p>\n<p class=\"Standard\"><em>Sea Salt, Rosmarinus Officinalis Leaf Oil, Rosmarinus Officinalis Leaf, Limonene<\/em><\/p>\n<p class=\"Standard\">\n","protected":false},"excerpt":{"rendered":"<p>O\u010darajte sebe ali svoje goste z na\u0161o malo solno kopeljo v steklenem lon\u010dku s plutovim zama\u0161kom, di\u0161e\u010do po ro\u017emarinu.<\/p>\n","protected":false},"featured_media":583,"comment_status":"open","ping_status":"closed","template":"","meta":[],"product_brand":[],"product_cat":[20],"product_tag":[],"class_list":{"0":"post-582","1":"product","2":"type-product","3":"status-publish","4":"has-post-thumbnail","6":"product_cat-solna-kopel","8":"first","9":"instock","10":"taxable","11":"shipping-taxable","12":"purchasable","13":"product-type-simple"},"_links":{"self":[{"href":"https:\/\/www.trgovina.zajfica.si\/index.php?rest_route=\/wp\/v2\/product\/582","targetHints":{"allow":["GET"]}}],"collection":[{"href":"https:\/\/www.trgovina.zajfica.si\/index.php?rest_route=\/wp\/v2\/product"}],"about":[{"href":"https:\/\/www.trgovina.zajfica.si\/index.php?rest_route=\/wp\/v2\/types\/product"}],"replies":[{"embeddable":true,"href":"https:\/\/www.trgovina.zajfica.si\/index.php?rest_route=%2Fwp%2Fv2%2Fcomments&post=582"}],"wp:featuredmedia":[{"embeddable":true,"href":"https:\/\/www.trgovina.zajfica.si\/index.php?rest_route=\/wp\/v2\/media\/583"}],"wp:attachment":[{"href":"https:\/\/www.trgovina.zajfica.si\/index.php?rest_route=%2Fwp%2Fv2%2Fmedia&parent=582"}],"wp:term":[{"taxonomy":"product_brand","embeddable":true,"href":"https:\/\/www.trgovina.zajfica.si\/index.php?rest_route=%2Fwp%2Fv2%2Fproduct_brand&post=582"},{"taxonomy":"product_cat","embeddable":true,"href":"https:\/\/www.trgovina.zajfica.si\/index.php?rest_route=%2Fwp%2Fv2%2Fproduct_cat&post=582"},{"taxonomy":"product_tag","embeddable":true,"href":"https:\/\/www.trgovina.zajfica.si\/index.php?rest_route=%2Fwp%2Fv2%2Fproduct_tag&post=582"}],"curies":[{"name":"wp","href":"https:\/\/api.w.org\/{rel}","templated":true}]}}