{"id":203,"date":"2025-01-20T12:09:58","date_gmt":"2025-01-20T12:09:58","guid":{"rendered":"https:\/\/www.trgovina.zajfica.si\/?post_type=product&#038;p=203"},"modified":"2025-02-07T12:03:36","modified_gmt":"2025-02-07T12:03:36","slug":"bozicno-milo","status":"publish","type":"product","link":"https:\/\/www.trgovina.zajfica.si\/?product=bozicno-milo","title":{"rendered":"Bo\u017ei\u010dno milo"},"content":{"rendered":"<p>Bo\u017ei\u010dno milo z di\u0161avo jabolka in cimeta ne\u017eno o\u010disti ko\u017eo ter jo obdaja s toplimi, prazni\u010dnimi notami. Naravne sestavine v kombinaciji z bo\u017ei\u010dnimi vonjavami ustvarijo pravo prazni\u010dno vzdu\u0161je, ki va\u0161i ko\u017ei prinese mehkobo in sve\u017eino.<br \/>\nZa pove\u010danje obstojnosti mila priporo\u010damo, da ga po uporabi odstranite iz vode in pustite, da se posu\u0161i na zraku. Na\u0161a mila so ro\u010dno izdelana in rezana, kar pomeni, da je vsak kos edinstven.<\/p>\n<p><em>INCI Sestavine:<\/em><br \/>\n<em>Sodium Palmate, Aqua, Sodium Olivate, Sodium Cocoate, Glycerin, Sodium Shea Butterate, Sodium Stearate, Parfum, Cinnamomum Zeylanicum Bark Powder, Butyrospermum Parkii Butter Unsaponifiables, Eugenol, Limonene, Coumarin, Cinnamal<\/em><\/p>\n","protected":false},"excerpt":{"rendered":"<p>Bo\u017ei\u010dno milo z di\u0161avo jabolka in cimeta ne\u017eno o\u010disti ko\u017eo ter jo obdaja s toplimi, prazni\u010dnimi notami.<\/p>\n","protected":false},"featured_media":409,"comment_status":"open","ping_status":"closed","template":"","meta":[],"product_brand":[],"product_cat":[18],"product_tag":[],"class_list":{"0":"post-203","1":"product","2":"type-product","3":"status-publish","4":"has-post-thumbnail","6":"product_cat-naravna-mila","8":"first","9":"instock","10":"taxable","11":"shipping-taxable","12":"purchasable","13":"product-type-simple"},"_links":{"self":[{"href":"https:\/\/www.trgovina.zajfica.si\/index.php?rest_route=\/wp\/v2\/product\/203","targetHints":{"allow":["GET"]}}],"collection":[{"href":"https:\/\/www.trgovina.zajfica.si\/index.php?rest_route=\/wp\/v2\/product"}],"about":[{"href":"https:\/\/www.trgovina.zajfica.si\/index.php?rest_route=\/wp\/v2\/types\/product"}],"replies":[{"embeddable":true,"href":"https:\/\/www.trgovina.zajfica.si\/index.php?rest_route=%2Fwp%2Fv2%2Fcomments&post=203"}],"wp:featuredmedia":[{"embeddable":true,"href":"https:\/\/www.trgovina.zajfica.si\/index.php?rest_route=\/wp\/v2\/media\/409"}],"wp:attachment":[{"href":"https:\/\/www.trgovina.zajfica.si\/index.php?rest_route=%2Fwp%2Fv2%2Fmedia&parent=203"}],"wp:term":[{"taxonomy":"product_brand","embeddable":true,"href":"https:\/\/www.trgovina.zajfica.si\/index.php?rest_route=%2Fwp%2Fv2%2Fproduct_brand&post=203"},{"taxonomy":"product_cat","embeddable":true,"href":"https:\/\/www.trgovina.zajfica.si\/index.php?rest_route=%2Fwp%2Fv2%2Fproduct_cat&post=203"},{"taxonomy":"product_tag","embeddable":true,"href":"https:\/\/www.trgovina.zajfica.si\/index.php?rest_route=%2Fwp%2Fv2%2Fproduct_tag&post=203"}],"curies":[{"name":"wp","href":"https:\/\/api.w.org\/{rel}","templated":true}]}}