{"id":192,"date":"2025-01-20T11:15:06","date_gmt":"2025-01-20T11:15:06","guid":{"rendered":"https:\/\/www.trgovina.zajfica.si\/?post_type=product&#038;p=192"},"modified":"2025-02-09T16:25:48","modified_gmt":"2025-02-09T16:25:48","slug":"solna-kopel-sivka-518ml","status":"publish","type":"product","link":"https:\/\/www.trgovina.zajfica.si\/?product=solna-kopel-sivka-518ml","title":{"rendered":"Solna kopel &#8211; Sivka"},"content":{"rendered":"<p>Kopel je morda eden od najbolj primernih na\u010dinov za sprostitev in pomiritev, ki si jo najve\u010dkrat privo\u0161\u010dimo ob koncu napornega dneva ali tedna. Kopel z morsko soljo Se\u010doveljskih solin, je ne\u017eno odi\u0161avljena s sivkinim eteri\u010dnim oljem. Spro\u0161\u010da ko\u017eo in pomiri va\u0161e telo. Kopalna sol je primerna za vse vrste ko\u017ee.<\/p>\n<p><strong>Uporaba:<\/strong><\/p>\n<p>V kad nato\u010dite toplo vodo, vanjo stresemo kopalno sol in po\u010dakamo, da se popolnoma raztopi in se prepustimo razvajanju.<\/p>\n<p><em><strong>INCI Sestavine:<\/strong><\/em><\/p>\n<p><em> Sea Salt, , Lavandula Angustifolia Oil, Lavandula Angustifolia Flower, Linalool, Geraniol<\/em><\/p>\n","protected":false},"excerpt":{"rendered":"<p>Kopel je morda eden od najbolj primernih na\u010dinov za sprostitev in pomiritev, ki si jo najve\u010dkrat privo\u0161\u010dimo ob koncu napornega dneva ali tedna.<\/p>\n","protected":false},"featured_media":405,"comment_status":"closed","ping_status":"closed","template":"","meta":[],"product_brand":[],"product_cat":[20],"product_tag":[],"class_list":{"0":"post-192","1":"product","2":"type-product","3":"status-publish","4":"has-post-thumbnail","6":"product_cat-solna-kopel","8":"first","9":"instock","10":"taxable","11":"shipping-taxable","12":"purchasable","13":"product-type-variable","14":"has-default-attributes"},"_links":{"self":[{"href":"https:\/\/www.trgovina.zajfica.si\/index.php?rest_route=\/wp\/v2\/product\/192","targetHints":{"allow":["GET"]}}],"collection":[{"href":"https:\/\/www.trgovina.zajfica.si\/index.php?rest_route=\/wp\/v2\/product"}],"about":[{"href":"https:\/\/www.trgovina.zajfica.si\/index.php?rest_route=\/wp\/v2\/types\/product"}],"replies":[{"embeddable":true,"href":"https:\/\/www.trgovina.zajfica.si\/index.php?rest_route=%2Fwp%2Fv2%2Fcomments&post=192"}],"wp:featuredmedia":[{"embeddable":true,"href":"https:\/\/www.trgovina.zajfica.si\/index.php?rest_route=\/wp\/v2\/media\/405"}],"wp:attachment":[{"href":"https:\/\/www.trgovina.zajfica.si\/index.php?rest_route=%2Fwp%2Fv2%2Fmedia&parent=192"}],"wp:term":[{"taxonomy":"product_brand","embeddable":true,"href":"https:\/\/www.trgovina.zajfica.si\/index.php?rest_route=%2Fwp%2Fv2%2Fproduct_brand&post=192"},{"taxonomy":"product_cat","embeddable":true,"href":"https:\/\/www.trgovina.zajfica.si\/index.php?rest_route=%2Fwp%2Fv2%2Fproduct_cat&post=192"},{"taxonomy":"product_tag","embeddable":true,"href":"https:\/\/www.trgovina.zajfica.si\/index.php?rest_route=%2Fwp%2Fv2%2Fproduct_tag&post=192"}],"curies":[{"name":"wp","href":"https:\/\/api.w.org\/{rel}","templated":true}]}}