{"id":189,"date":"2025-01-20T11:12:28","date_gmt":"2025-01-20T11:12:28","guid":{"rendered":"https:\/\/www.trgovina.zajfica.si\/?post_type=product&#038;p=189"},"modified":"2025-02-09T16:25:45","modified_gmt":"2025-02-09T16:25:45","slug":"solna-kopel-rozmarin","status":"publish","type":"product","link":"https:\/\/www.trgovina.zajfica.si\/?product=solna-kopel-rozmarin","title":{"rendered":"Solna kopel &#8211; Ro\u017emarin"},"content":{"rendered":"<p>Kopel je eden od najbolj primernih na\u010dinov za sprostitev in pomiritev, ki si jo najve\u010dkrat privo\u0161\u010dimo ob koncu napornega dneva ali tedna. Kopel z morsko soljo Se\u010doveljskih solin, je ne\u017eno odi\u0161avljena z ro\u017emarinovim eteri\u010dnim oljem. Ko\u017eo po\u017eivlja, razku\u017euje, \u010disti in spodbuja prekrvavitev. Kopalna sol je primerna za vse vrste ko\u017ee.<\/p>\n<p><strong>Uporaba:<\/strong><\/p>\n<p>V kad nato\u010dite toplo vodo, vanjo stresemo kopalno sol in po\u010dakamo, da se popolnoma raztopi in se prepustimo razvajanju.<\/p>\n<p><em><strong>INCI Sestavine: <\/strong><\/em><\/p>\n<p><em>Sea Salt, Rosmarinus Officinalis Leaf Oil, Rosmarinus Officinalis Leaf, Limonene<\/em><\/p>\n","protected":false},"excerpt":{"rendered":"<p>Kopel je eden od najbolj primernih na\u010dinov za sprostitev in pomiritev, ki si jo najve\u010dkrat privo\u0161\u010dimo ob koncu napornega dneva ali tedna.<\/p>\n","protected":false},"featured_media":408,"comment_status":"closed","ping_status":"closed","template":"","meta":[],"product_brand":[],"product_cat":[20],"product_tag":[],"class_list":{"0":"post-189","1":"product","2":"type-product","3":"status-publish","4":"has-post-thumbnail","6":"product_cat-solna-kopel","8":"first","9":"instock","10":"taxable","11":"shipping-taxable","12":"purchasable","13":"product-type-variable"},"_links":{"self":[{"href":"https:\/\/www.trgovina.zajfica.si\/index.php?rest_route=\/wp\/v2\/product\/189","targetHints":{"allow":["GET"]}}],"collection":[{"href":"https:\/\/www.trgovina.zajfica.si\/index.php?rest_route=\/wp\/v2\/product"}],"about":[{"href":"https:\/\/www.trgovina.zajfica.si\/index.php?rest_route=\/wp\/v2\/types\/product"}],"replies":[{"embeddable":true,"href":"https:\/\/www.trgovina.zajfica.si\/index.php?rest_route=%2Fwp%2Fv2%2Fcomments&post=189"}],"wp:featuredmedia":[{"embeddable":true,"href":"https:\/\/www.trgovina.zajfica.si\/index.php?rest_route=\/wp\/v2\/media\/408"}],"wp:attachment":[{"href":"https:\/\/www.trgovina.zajfica.si\/index.php?rest_route=%2Fwp%2Fv2%2Fmedia&parent=189"}],"wp:term":[{"taxonomy":"product_brand","embeddable":true,"href":"https:\/\/www.trgovina.zajfica.si\/index.php?rest_route=%2Fwp%2Fv2%2Fproduct_brand&post=189"},{"taxonomy":"product_cat","embeddable":true,"href":"https:\/\/www.trgovina.zajfica.si\/index.php?rest_route=%2Fwp%2Fv2%2Fproduct_cat&post=189"},{"taxonomy":"product_tag","embeddable":true,"href":"https:\/\/www.trgovina.zajfica.si\/index.php?rest_route=%2Fwp%2Fv2%2Fproduct_tag&post=189"}],"curies":[{"name":"wp","href":"https:\/\/api.w.org\/{rel}","templated":true}]}}