{"id":171,"date":"2025-01-14T11:13:44","date_gmt":"2025-01-14T11:13:44","guid":{"rendered":"https:\/\/www.trgovina.zajfica.si\/?post_type=product&#038;p=171"},"modified":"2025-02-07T12:12:29","modified_gmt":"2025-02-07T12:12:29","slug":"glineno-milo-in-slika","status":"publish","type":"product","link":"https:\/\/www.trgovina.zajfica.si\/?product=glineno-milo-in-slika","title":{"rendered":"Glineno milo"},"content":{"rendered":"<p>Glineno milo, obogateno z aktivnim ogljem in eteri\u010dnim oljem evkaliptusa, je popolna izbira za globinsko \u010di\u0161\u010denje ko\u017ee. Aktivno oglje, znano po svojih \u010distilnih lastnostih, v kombinaciji z osve\u017eujo\u010dim vonjem eteri\u010dnega olja, poskrbi za ne\u017eno in u\u010dinkovito nego va\u0161e ko\u017ee.<br \/>\nZa pove\u010danje obstojnosti mila priporo\u010damo, da ga po uporabi odstranite iz vode in pustite, da se posu\u0161i na zraku. Na\u0161a mila so ro\u010dno izdelana in rezana, kar pomeni, da je vsak kos edinstven.<\/p>\n<p><em>INCI Sestavine:<\/em><br \/>\n<em>Sodium Palmate, Aqua, Sodium Olivate, Sodium Cocoate, Glycerin, Sodium Sunflowerate, Sodium Stearate, Clay, Eucalyptus Globulus Leaf Oil, Limonene<\/em><\/p>\n","protected":false},"excerpt":{"rendered":"<p>Glineno milo, obogateno z aktivnim ogljem in eteri\u010dnim oljem evkaliptusa, je popolna izbira za globinsko \u010di\u0161\u010denje ko\u017ee.<\/p>\n","protected":false},"featured_media":411,"comment_status":"open","ping_status":"closed","template":"","meta":[],"product_brand":[],"product_cat":[18],"product_tag":[],"class_list":{"0":"post-171","1":"product","2":"type-product","3":"status-publish","4":"has-post-thumbnail","6":"product_cat-naravna-mila","8":"first","9":"instock","10":"taxable","11":"shipping-taxable","12":"purchasable","13":"product-type-simple"},"_links":{"self":[{"href":"https:\/\/www.trgovina.zajfica.si\/index.php?rest_route=\/wp\/v2\/product\/171","targetHints":{"allow":["GET"]}}],"collection":[{"href":"https:\/\/www.trgovina.zajfica.si\/index.php?rest_route=\/wp\/v2\/product"}],"about":[{"href":"https:\/\/www.trgovina.zajfica.si\/index.php?rest_route=\/wp\/v2\/types\/product"}],"replies":[{"embeddable":true,"href":"https:\/\/www.trgovina.zajfica.si\/index.php?rest_route=%2Fwp%2Fv2%2Fcomments&post=171"}],"wp:featuredmedia":[{"embeddable":true,"href":"https:\/\/www.trgovina.zajfica.si\/index.php?rest_route=\/wp\/v2\/media\/411"}],"wp:attachment":[{"href":"https:\/\/www.trgovina.zajfica.si\/index.php?rest_route=%2Fwp%2Fv2%2Fmedia&parent=171"}],"wp:term":[{"taxonomy":"product_brand","embeddable":true,"href":"https:\/\/www.trgovina.zajfica.si\/index.php?rest_route=%2Fwp%2Fv2%2Fproduct_brand&post=171"},{"taxonomy":"product_cat","embeddable":true,"href":"https:\/\/www.trgovina.zajfica.si\/index.php?rest_route=%2Fwp%2Fv2%2Fproduct_cat&post=171"},{"taxonomy":"product_tag","embeddable":true,"href":"https:\/\/www.trgovina.zajfica.si\/index.php?rest_route=%2Fwp%2Fv2%2Fproduct_tag&post=171"}],"curies":[{"name":"wp","href":"https:\/\/api.w.org\/{rel}","templated":true}]}}